{"id":346,"date":"2023-01-05T22:03:57","date_gmt":"2023-01-05T22:03:57","guid":{"rendered":"https:\/\/monartklinik.com\/estetik-gulus-tasarimi\/"},"modified":"2023-01-05T22:03:57","modified_gmt":"2023-01-05T22:03:57","slug":"estetik-gulus-tasarimi","status":"publish","type":"page","link":"https:\/\/monartklinik.com\/tr\/estetik-gulus-tasarimi\/","title":{"rendered":"Estetik G\u00fcl\u00fc\u015f Tasar\u0131m\u0131"},"content":{"rendered":"\t\t<div data-elementor-type=\"wp-page\" data-elementor-id=\"346\" class=\"elementor elementor-346 elementor-123\" data-elementor-post-type=\"page\">\n\t\t\t\t\t\t<section data-particle_enable=\"false\" data-particle-mobile-disabled=\"false\" class=\"elementor-section elementor-top-section elementor-element elementor-element-6549322 elementor-section-boxed elementor-section-height-default elementor-section-height-default\" data-id=\"6549322\" data-element_type=\"section\" data-settings=\"{&quot;background_background&quot;:&quot;classic&quot;}\">\n\t\t\t\t\t\t\t<div class=\"elementor-background-overlay\"><\/div>\n\t\t\t\t\t\t\t<div class=\"elementor-container elementor-column-gap-default\">\n\t\t\t\t\t<div class=\"elementor-column elementor-col-50 elementor-top-column elementor-element elementor-element-a20e462\" data-id=\"a20e462\" data-element_type=\"column\">\n\t\t\t<div class=\"elementor-widget-wrap elementor-element-populated\">\n\t\t\t\t\t\t<div class=\"elementor-element elementor-element-33c300a elementor-widget elementor-widget-heading\" data-id=\"33c300a\" data-element_type=\"widget\" data-widget_type=\"heading.default\">\n\t\t\t\t<div class=\"elementor-widget-container\">\n\t\t\t\t\t<h2 class=\"elementor-heading-title elementor-size-default\">Estetik G\u00fcl\u00fc\u015f Tasar\u0131m\u0131<\/h2>\t\t\t\t<\/div>\n\t\t\t\t<\/div>\n\t\t\t\t\t<\/div>\n\t\t<\/div>\n\t\t\t\t<div class=\"elementor-column elementor-col-50 elementor-top-column elementor-element elementor-element-0c1d5d0\" data-id=\"0c1d5d0\" data-element_type=\"column\">\n\t\t\t<div class=\"elementor-widget-wrap\">\n\t\t\t\t\t\t\t<\/div>\n\t\t<\/div>\n\t\t\t\t\t<\/div>\n\t\t<\/section>\n\t\t\t\t<section data-particle_enable=\"false\" data-particle-mobile-disabled=\"false\" class=\"elementor-section elementor-top-section elementor-element elementor-element-57b1cb0 elementor-section-content-middle elementor-section-boxed elementor-section-height-default elementor-section-height-default\" data-id=\"57b1cb0\" data-element_type=\"section\">\n\t\t\t\t\t\t<div class=\"elementor-container elementor-column-gap-wide\">\n\t\t\t\t\t<div class=\"elementor-column elementor-col-50 elementor-top-column elementor-element elementor-element-4600698\" data-id=\"4600698\" data-element_type=\"column\">\n\t\t\t<div class=\"elementor-widget-wrap elementor-element-populated\">\n\t\t\t\t\t\t<div class=\"elementor-element elementor-element-b891e12 elementor-widget elementor-widget-text-editor\" data-id=\"b891e12\" data-element_type=\"widget\" data-widget_type=\"text-editor.default\">\n\t\t\t\t<div class=\"elementor-widget-container\">\n\t\t\t\t\t\t\t\t\tConsidered as the area formed by the teeth (white aesthetics) and the area formed by the gums (pink aesthetic) and considered as a whole, such as lip level, length of teeth, gingival level, tooth color, tooth alignment, visibility of lips and teeth when we smile, and laughing line factors are designed individually and in harmony with each other.\t\t\t\t\t\t\t\t<\/div>\n\t\t\t\t<\/div>\n\t\t\t\t\t<\/div>\n\t\t<\/div>\n\t\t\t\t<div class=\"elementor-column elementor-col-50 elementor-top-column elementor-element elementor-element-cb49224\" data-id=\"cb49224\" data-element_type=\"column\" data-settings=\"{&quot;background_background&quot;:&quot;classic&quot;}\">\n\t\t\t<div class=\"elementor-widget-wrap elementor-element-populated\">\n\t\t\t\t\t\t<div class=\"elementor-element elementor-element-7bc3f78 elementor-widget elementor-widget-spacer\" data-id=\"7bc3f78\" data-element_type=\"widget\" data-widget_type=\"spacer.default\">\n\t\t\t\t<div class=\"elementor-widget-container\">\n\t\t\t\t\t\t\t<div class=\"elementor-spacer\">\n\t\t\t<div class=\"elementor-spacer-inner\"><\/div>\n\t\t<\/div>\n\t\t\t\t\t\t<\/div>\n\t\t\t\t<\/div>\n\t\t\t\t\t<\/div>\n\t\t<\/div>\n\t\t\t\t\t<\/div>\n\t\t<\/section>\n\t\t\t\t<\/div>\n\t\t","protected":false},"excerpt":{"rendered":"<p>Estetik g\u00fcl\u00fc\u015f tasar\u0131m\u0131; di\u015flerin olu\u015fturdu\u011fu alan (beyaz estetik) ve di\u015f etlerinin olu\u015fturdu\u011fu alan\u0131n (pembe estetik) bir b\u00fct\u00fcn olarak ele al\u0131nmas\u0131yla yap\u0131l\u0131r. Dudak seviyesi, di\u015f boylar\u0131, di\u015f eti seviyesi, di\u015f rengi, di\u015f dizilimi, g\u00fcl\u00fcmserken dudak ve di\u015flerin g\u00f6r\u00fcn\u00fcrl\u00fc\u011f\u00fc ile g\u00fclme hatt\u0131 gibi unsurlar ki\u015fiye \u00f6zel olarak tasarlan\u0131r ve birbirleriyle uyumlu hale getirilir.<\/p>\n","protected":false},"author":1,"featured_media":267,"parent":0,"menu_order":0,"comment_status":"closed","ping_status":"closed","template":"","meta":{"footnotes":""},"class_list":["post-346","page","type-page","status-publish","has-post-thumbnail","hentry"],"_links":{"self":[{"href":"https:\/\/monartklinik.com\/tr\/wp-json\/wp\/v2\/pages\/346","targetHints":{"allow":["GET"]}}],"collection":[{"href":"https:\/\/monartklinik.com\/tr\/wp-json\/wp\/v2\/pages"}],"about":[{"href":"https:\/\/monartklinik.com\/tr\/wp-json\/wp\/v2\/types\/page"}],"author":[{"embeddable":true,"href":"https:\/\/monartklinik.com\/tr\/wp-json\/wp\/v2\/users\/1"}],"replies":[{"embeddable":true,"href":"https:\/\/monartklinik.com\/tr\/wp-json\/wp\/v2\/comments?post=346"}],"version-history":[{"count":0,"href":"https:\/\/monartklinik.com\/tr\/wp-json\/wp\/v2\/pages\/346\/revisions"}],"wp:featuredmedia":[{"embeddable":true,"href":"https:\/\/monartklinik.com\/tr\/wp-json\/wp\/v2\/media\/267"}],"wp:attachment":[{"href":"https:\/\/monartklinik.com\/tr\/wp-json\/wp\/v2\/media?parent=346"}],"curies":[{"name":"wp","href":"https:\/\/api.w.org\/{rel}","templated":true}]}}